{"id":2864,"date":"2021-02-08T03:40:20","date_gmt":"2021-02-08T03:40:20","guid":{"rendered":"http:\/\/hydrogeo.com.pe\/web\/?page_id=2864"},"modified":"2026-04-08T22:34:27","modified_gmt":"2026-04-08T22:34:27","slug":"contactenos","status":"publish","type":"page","link":"https:\/\/hydrogeo.com.pe\/web\/en\/contactenos\/","title":{"rendered":"Cont\u00e1ctenos"},"content":{"rendered":"\t\t<div data-elementor-type=\"wp-page\" data-elementor-id=\"2864\" class=\"elementor elementor-2864\" data-elementor-post-type=\"page\">\n\t\t\t\t\t\t<section data-particle_enable=\"false\" data-particle-mobile-disabled=\"false\" class=\"elementor-section elementor-top-section elementor-element elementor-element-48b7dc91 elementor-section-boxed elementor-section-height-default elementor-section-height-default\" data-id=\"48b7dc91\" data-element_type=\"section\" data-e-type=\"section\" data-settings=\"{&quot;background_background&quot;:&quot;classic&quot;}\">\n\t\t\t\t\t\t\t<div class=\"elementor-background-overlay\"><\/div>\n\t\t\t\t\t\t\t<div class=\"elementor-container elementor-column-gap-default\">\n\t\t\t\t\t<div class=\"elementor-column elementor-col-100 elementor-top-column elementor-element elementor-element-8883576\" data-id=\"8883576\" data-element_type=\"column\" data-e-type=\"column\">\n\t\t\t<div class=\"elementor-widget-wrap elementor-element-populated\">\n\t\t\t\t\t\t<div class=\"elementor-element elementor-element-3834dd4 elementor-widget elementor-widget-heading\" data-id=\"3834dd4\" data-element_type=\"widget\" data-e-type=\"widget\" data-widget_type=\"heading.default\">\n\t\t\t\t<div class=\"elementor-widget-container\">\n\t\t\t\t\t<h1 class=\"elementor-heading-title elementor-size-default\">CONT\u00c1CTENOS<\/h1>\t\t\t\t<\/div>\n\t\t\t\t<\/div>\n\t\t\t\t\t<\/div>\n\t\t<\/div>\n\t\t\t\t\t<\/div>\n\t\t<\/section>\n\t\t\t\t<section data-particle_enable=\"false\" data-particle-mobile-disabled=\"false\" class=\"elementor-section elementor-top-section elementor-element elementor-element-ea6d0db animated-fast elementor-section-boxed elementor-section-height-default elementor-section-height-default elementor-invisible\" data-id=\"ea6d0db\" data-element_type=\"section\" data-e-type=\"section\" data-settings=\"{&quot;animation&quot;:&quot;fadeInUp&quot;}\">\n\t\t\t\t\t\t<div class=\"elementor-container elementor-column-gap-default\">\n\t\t\t\t\t<div class=\"elementor-column elementor-col-33 elementor-top-column elementor-element elementor-element-5f75b69\" data-id=\"5f75b69\" data-element_type=\"column\" data-e-type=\"column\" data-settings=\"{&quot;background_background&quot;:&quot;classic&quot;}\">\n\t\t\t<div class=\"elementor-widget-wrap elementor-element-populated\">\n\t\t\t\t\t\t<div class=\"elementor-element elementor-element-ca8e3e7 elementor-view-default elementor-position-block-start elementor-mobile-position-block-start elementor-widget elementor-widget-icon-box\" data-id=\"ca8e3e7\" data-element_type=\"widget\" data-e-type=\"widget\" data-widget_type=\"icon-box.default\">\n\t\t\t\t<div class=\"elementor-widget-container\">\n\t\t\t\t\t\t\t<div class=\"elementor-icon-box-wrapper\">\n\n\t\t\t\t\t\t<div class=\"elementor-icon-box-icon\">\n\t\t\t\t<span  class=\"elementor-icon\">\n\t\t\t\t<i aria-hidden=\"true\" class=\"icon icon-map\"><\/i>\t\t\t\t<\/span>\n\t\t\t<\/div>\n\t\t\t\n\t\t\t\t\t\t<div class=\"elementor-icon-box-content\">\n\n\t\t\t\t\t\t\t\t\t<h3 class=\"elementor-icon-box-title\">\n\t\t\t\t\t\t<span  >\n\t\t\t\t\t\t\tEncu\u00e9ntrenos\t\t\t\t\t\t<\/span>\n\t\t\t\t\t<\/h3>\n\t\t\t\t\n\t\t\t\t\t\t\t\t\t<p class=\"elementor-icon-box-description\">\n\t\t\t\t\t\tAv. Paseo de la  Rep\u00fablica  3565, Of. 1001. San Isidro, Lima, Per\u00fa.\t\t\t\t\t<\/p>\n\t\t\t\t\n\t\t\t<\/div>\n\t\t\t\n\t\t<\/div>\n\t\t\t\t\t\t<\/div>\n\t\t\t\t<\/div>\n\t\t\t\t\t<\/div>\n\t\t<\/div>\n\t\t\t\t<div class=\"elementor-column elementor-col-33 elementor-top-column elementor-element elementor-element-0956c77\" data-id=\"0956c77\" data-element_type=\"column\" data-e-type=\"column\" data-settings=\"{&quot;background_background&quot;:&quot;classic&quot;}\">\n\t\t\t<div class=\"elementor-widget-wrap elementor-element-populated\">\n\t\t\t\t\t\t<div class=\"elementor-element elementor-element-f8700b0 elementor-view-default elementor-position-block-start elementor-mobile-position-block-start elementor-widget elementor-widget-icon-box\" data-id=\"f8700b0\" data-element_type=\"widget\" data-e-type=\"widget\" data-widget_type=\"icon-box.default\">\n\t\t\t\t<div class=\"elementor-widget-container\">\n\t\t\t\t\t\t\t<div class=\"elementor-icon-box-wrapper\">\n\n\t\t\t\t\t\t<div class=\"elementor-icon-box-icon\">\n\t\t\t\t<span  class=\"elementor-icon\">\n\t\t\t\t<i aria-hidden=\"true\" class=\"icon icon-phone\"><\/i>\t\t\t\t<\/span>\n\t\t\t<\/div>\n\t\t\t\n\t\t\t\t\t\t<div class=\"elementor-icon-box-content\">\n\n\t\t\t\t\t\t\t\t\t<h3 class=\"elementor-icon-box-title\">\n\t\t\t\t\t\t<span  >\n\t\t\t\t\t\t\tLl\u00e1menos\t\t\t\t\t\t<\/span>\n\t\t\t\t\t<\/h3>\n\t\t\t\t\n\t\t\t\t\t\t\t\t\t<p class=\"elementor-icon-box-description\">\n\t\t\t\t\t\t+51 1 719 7679<br>+51 989 132 328\t\t\t\t\t<\/p>\n\t\t\t\t\n\t\t\t<\/div>\n\t\t\t\n\t\t<\/div>\n\t\t\t\t\t\t<\/div>\n\t\t\t\t<\/div>\n\t\t\t\t\t<\/div>\n\t\t<\/div>\n\t\t\t\t<div class=\"elementor-column elementor-col-33 elementor-top-column elementor-element elementor-element-f933bd5\" data-id=\"f933bd5\" data-element_type=\"column\" data-e-type=\"column\" data-settings=\"{&quot;background_background&quot;:&quot;classic&quot;}\">\n\t\t\t<div class=\"elementor-widget-wrap elementor-element-populated\">\n\t\t\t\t\t\t<div class=\"elementor-element elementor-element-1f885ae elementor-view-default elementor-position-block-start elementor-mobile-position-block-start elementor-widget elementor-widget-icon-box\" data-id=\"1f885ae\" data-element_type=\"widget\" data-e-type=\"widget\" data-widget_type=\"icon-box.default\">\n\t\t\t\t<div class=\"elementor-widget-container\">\n\t\t\t\t\t\t\t<div class=\"elementor-icon-box-wrapper\">\n\n\t\t\t\t\t\t<div class=\"elementor-icon-box-icon\">\n\t\t\t\t<span  class=\"elementor-icon\">\n\t\t\t\t<i aria-hidden=\"true\" class=\"icon icon-email\"><\/i>\t\t\t\t<\/span>\n\t\t\t<\/div>\n\t\t\t\n\t\t\t\t\t\t<div class=\"elementor-icon-box-content\">\n\n\t\t\t\t\t\t\t\t\t<h3 class=\"elementor-icon-box-title\">\n\t\t\t\t\t\t<span  >\n\t\t\t\t\t\t\tEscr\u00edbanos\t\t\t\t\t\t<\/span>\n\t\t\t\t\t<\/h3>\n\t\t\t\t\n\t\t\t\t\t\t\t\t\t<p class=\"elementor-icon-box-description\">\n\t\t\t\t\t\tinfo@hydrogeo.com.pe\t\t\t\t\t<\/p>\n\t\t\t\t\n\t\t\t<\/div>\n\t\t\t\n\t\t<\/div>\n\t\t\t\t\t\t<\/div>\n\t\t\t\t<\/div>\n\t\t\t\t\t<\/div>\n\t\t<\/div>\n\t\t\t\t\t<\/div>\n\t\t<\/section>\n\t\t\t\t<section data-particle_enable=\"false\" data-particle-mobile-disabled=\"false\" class=\"elementor-section elementor-top-section elementor-element elementor-element-6882588c elementor-section-boxed elementor-section-height-default elementor-section-height-default\" data-id=\"6882588c\" data-element_type=\"section\" data-e-type=\"section\" data-settings=\"{&quot;background_background&quot;:&quot;classic&quot;}\">\n\t\t\t\t\t\t<div class=\"elementor-container elementor-column-gap-default\">\n\t\t\t\t\t<div class=\"elementor-column elementor-col-50 elementor-top-column elementor-element elementor-element-254ddec8 animated-slow elementor-invisible\" data-id=\"254ddec8\" data-element_type=\"column\" data-e-type=\"column\" data-settings=\"{&quot;animation&quot;:&quot;fadeInRight&quot;,&quot;background_background&quot;:&quot;classic&quot;}\">\n\t\t\t<div class=\"elementor-widget-wrap elementor-element-populated\">\n\t\t\t\t\t\t<div class=\"elementor-element elementor-element-3c0d689 elementor-widget elementor-widget-spacer\" data-id=\"3c0d689\" data-element_type=\"widget\" data-e-type=\"widget\" data-widget_type=\"spacer.default\">\n\t\t\t\t<div class=\"elementor-widget-container\">\n\t\t\t\t\t\t\t<div class=\"elementor-spacer\">\n\t\t\t<div class=\"elementor-spacer-inner\"><\/div>\n\t\t<\/div>\n\t\t\t\t\t\t<\/div>\n\t\t\t\t<\/div>\n\t\t\t\t<div class=\"elementor-element elementor-element-6a941db elementor-widget elementor-widget-heading\" data-id=\"6a941db\" data-element_type=\"widget\" data-e-type=\"widget\" data-widget_type=\"heading.default\">\n\t\t\t\t<div class=\"elementor-widget-container\">\n\t\t\t\t\t<h2 class=\"elementor-heading-title elementor-size-default\">D\u00c9JENOS UN MENSAJE<\/h2>\t\t\t\t<\/div>\n\t\t\t\t<\/div>\n\t\t\t\t<div class=\"elementor-element elementor-element-f54eac4 elementor-widget elementor-widget-text-editor\" data-id=\"f54eac4\" data-element_type=\"widget\" data-e-type=\"widget\" data-widget_type=\"text-editor.default\">\n\t\t\t\t<div class=\"elementor-widget-container\">\n\t\t\t\t\t\t\t\t\t<p>Nos comunicaremos a la brevedad.<\/p>\t\t\t\t\t\t\t\t<\/div>\n\t\t\t\t<\/div>\n\t\t\t\t<div class=\"elementor-element elementor-element-1a7849b elementor-widget elementor-widget-html\" data-id=\"1a7849b\" data-element_type=\"widget\" data-e-type=\"widget\" data-widget_type=\"html.default\">\n\t\t\t\t<div class=\"elementor-widget-container\">\n\t\t\t\t\t<style>\r\n.wpcf7-form p { margin-bottom: 0; }\r\n.wpcf7-form br { display: none; }\r\n.wpcf7-form span { display: block; margin-bottom: 10px; }\r\n.wpcf7-form input[type=\"text\"],\r\n.wpcf7-form input[type=\"email\"],\r\n.wpcf7-form input[type=\"tel\"],\r\n.wpcf7-form textarea {\r\n  width: 100%;\r\n  padding: 6px 12px 6px 30px;\r\n  border: 1px solid rgb(231, 231, 231);\r\n  border-radius: 0px;\r\n  font-family: 'PT Sans', sans-serif;\r\n  font-size: 16px;\r\n  color: rgb(91, 103, 112);\r\n  background: #ffffff;\r\n  outline: none;\r\n  box-sizing: border-box;\r\n  transition: border-color .2s;\r\n}\r\n.wpcf7-form input:focus,\r\n.wpcf7-form textarea:focus {\r\n  border-color: #0047BB;\r\n}\r\n.wpcf7-form textarea {\r\n  resize: vertical;\r\n  min-height: 160px;\r\n}\r\n.wpcf7-form input[type=\"submit\"] {\r\n  background: rgb(0, 71, 187);\r\n  color: #ffffff;\r\n  border: none;\r\n  border-radius: 0px;\r\n  padding: 10px 40px;\r\n  font-family: 'PT Sans', sans-serif;\r\n  font-size: 15px;\r\n  font-weight: 400;\r\n  cursor: pointer;\r\n  transition: background .2s;\r\n}\r\n.wpcf7-form input[type=\"submit\"]:hover {\r\n  background: #003590;\r\n}\r\n.wpcf7-form input[type=\"submit\"]:disabled {\r\n  background: #aaa;\r\n  cursor: not-allowed;\r\n}\r\n#cnt-error {\r\n  display: none;\r\n  background: #fff0f0;\r\n  border: 1px solid #fcc;\r\n  color: #c00;\r\n  padding: 10px 14px;\r\n  font-family: 'PT Sans', sans-serif;\r\n  font-size: 14px;\r\n  margin-bottom: 10px;\r\n}\r\n#cnt-success {\r\n  display: none;\r\n  background: #f0fff4;\r\n  border: 1px solid #b2dfdb;\r\n  color: #1b5e20;\r\n  padding: 16px 20px;\r\n  font-family: 'PT Sans', sans-serif;\r\n  font-size: 15px;\r\n  text-align: center;\r\n}\r\n<\/style>\r\n\r\n<div class=\"wpcf7\">\r\n  <div id=\"cnt-success\">\r\n    \u2705 <strong>\u00a1Gracias por contactarnos!<\/strong> Nos comunicaremos a la brevedad.\r\n  <\/div>\r\n\r\n  <form class=\"wpcf7-form init\" id=\"cnt-form\" novalidate>\r\n    <p><span><input type=\"text\" name=\"Nombres\" placeholder=\"Nombres\" required><\/span><\/p>\r\n    <p><span><input type=\"text\" name=\"Apellidos\" placeholder=\"Apellidos\" required><\/span><\/p>\r\n    <p><span><input type=\"tel\" name=\"Telfono\" placeholder=\"Tel\u00e9fono\"><\/span><\/p>\r\n    <p><span><input type=\"email\" name=\"Correo\" placeholder=\"Correo\" required><\/span><\/p>\r\n    <p><span><input type=\"text\" name=\"RUC\" placeholder=\"RUC\"><\/span><\/p>\r\n    <p><span><input type=\"text\" name=\"Ubicacion\" placeholder=\"Ubicaci\u00f3n\"><\/span><\/p>\r\n    <p><span><input type=\"text\" name=\"Asunto\" placeholder=\"Asunto\"><\/span><\/p>\r\n    <p><span><textarea name=\"Mensaje\" placeholder=\"Mensaje\"><\/textarea><\/span><\/p>\r\n\r\n    <div id=\"cnt-error\"><\/div>\r\n\r\n    <p><input type=\"submit\" id=\"cnt-submit\" value=\"Enviar\"><\/p>\r\n  <\/form>\r\n<\/div>\r\n\r\n<script>\r\ndocument.getElementById('cnt-form').addEventListener('submit', function(e) {\r\n  e.preventDefault();\r\n\r\n  const btn = document.getElementById('cnt-submit');\r\n  const errDiv = document.getElementById('cnt-error');\r\n  errDiv.style.display = 'none';\r\n\r\n  btn.disabled = true;\r\n  btn.value = 'Enviando...';\r\n\r\n  const formData = new FormData(this);\r\n  const xhr = new XMLHttpRequest();\r\n  xhr.open('POST', 'https:\/\/jipxmuerteclugbmkcsp.supabase.co\/functions\/v1\/contactenos', true);\r\n\r\n  xhr.onload = function() {\r\n    try {\r\n      const data = JSON.parse(xhr.responseText);\r\n      if (data.ok) {\r\n        document.getElementById('cnt-form').style.display = 'none';\r\n        document.getElementById('cnt-success').style.display = 'block';\r\n      } else {\r\n        errDiv.textContent = '\u26a0\ufe0f ' + data.mensaje;\r\n        errDiv.style.display = 'block';\r\n        btn.disabled = false;\r\n        btn.value = 'Enviar';\r\n      }\r\n    } catch(err) {\r\n      errDiv.textContent = '\u26a0\ufe0f Error inesperado. Intente nuevamente.';\r\n      errDiv.style.display = 'block';\r\n      btn.disabled = false;\r\n      btn.value = 'Enviar';\r\n    }\r\n  };\r\n\r\n  xhr.onerror = function() {\r\n    errDiv.textContent = '\u26a0\ufe0f Error de conexi\u00f3n. Verifica tu internet e intenta nuevamente.';\r\n    errDiv.style.display = 'block';\r\n    btn.disabled = false;\r\n    btn.value = 'Enviar';\r\n  };\r\n\r\n  xhr.send(formData);\r\n});\r\n<\/script>\t\t\t\t<\/div>\n\t\t\t\t<\/div>\n\t\t\t\t\t<\/div>\n\t\t<\/div>\n\t\t\t\t<div class=\"elementor-column elementor-col-50 elementor-top-column elementor-element elementor-element-3d466484\" data-id=\"3d466484\" data-element_type=\"column\" data-e-type=\"column\">\n\t\t\t<div class=\"elementor-widget-wrap elementor-element-populated\">\n\t\t\t\t\t\t<div class=\"elementor-element elementor-element-303a2a9 elementor-widget elementor-widget-google_maps\" data-id=\"303a2a9\" data-element_type=\"widget\" data-e-type=\"widget\" data-widget_type=\"google_maps.default\">\n\t\t\t\t<div class=\"elementor-widget-container\">\n\t\t\t\t\t\t\t<div class=\"elementor-custom-embed\">\n\t\t\t<iframe loading=\"lazy\"\n\t\t\t\t\tsrc=\"https:\/\/maps.google.com\/maps?q=Av.%20Paseo%20de%20La%20Republica%203565%2C%20San%20Isidro%2C%20Lima%2C%20Per%C3%BA.&#038;t=m&#038;z=16&#038;output=embed&#038;iwloc=near\"\n\t\t\t\t\ttitle=\"Av. Paseo de La Republica 3565, San Isidro, Lima, Per\u00fa.\"\n\t\t\t\t\taria-label=\"Av. Paseo de La Republica 3565, San Isidro, Lima, Per\u00fa.\"\n\t\t\t><\/iframe>\n\t\t<\/div>\n\t\t\t\t\t\t<\/div>\n\t\t\t\t<\/div>\n\t\t\t\t\t<\/div>\n\t\t<\/div>\n\t\t\t\t\t<\/div>\n\t\t<\/section>\n\t\t\t\t<section data-particle_enable=\"false\" data-particle-mobile-disabled=\"false\" class=\"elementor-section elementor-top-section elementor-element elementor-element-4106df9 elementor-section-boxed elementor-section-height-default elementor-section-height-default\" data-id=\"4106df9\" data-element_type=\"section\" data-e-type=\"section\">\n\t\t\t\t\t\t<div class=\"elementor-container elementor-column-gap-default\">\n\t\t\t\t\t<div class=\"elementor-column elementor-col-100 elementor-top-column elementor-element elementor-element-7ed25f0\" data-id=\"7ed25f0\" data-element_type=\"column\" data-e-type=\"column\">\n\t\t\t<div class=\"elementor-widget-wrap elementor-element-populated\">\n\t\t\t\t\t\t<div class=\"elementor-element elementor-element-431bf6f elementor-widget elementor-widget-spacer\" data-id=\"431bf6f\" data-element_type=\"widget\" data-e-type=\"widget\" data-widget_type=\"spacer.default\">\n\t\t\t\t<div class=\"elementor-widget-container\">\n\t\t\t\t\t\t\t<div class=\"elementor-spacer\">\n\t\t\t<div class=\"elementor-spacer-inner\"><\/div>\n\t\t<\/div>\n\t\t\t\t\t\t<\/div>\n\t\t\t\t<\/div>\n\t\t\t\t\t<\/div>\n\t\t<\/div>\n\t\t\t\t\t<\/div>\n\t\t<\/section>\n\t\t\t\t<\/div>\n\t\t","protected":false},"excerpt":{"rendered":"<p>CONT\u00c1CTENOS Encu\u00e9ntrenos Av. Paseo de la Rep\u00fablica 3565, Of. 1001. San Isidro, Lima, Per\u00fa. Ll\u00e1menos +51 1 719 7679+51 989 132 328 Escr\u00edbanos info@hydrogeo.com.pe D\u00c9JENOS UN MENSAJE Nos comunicaremos a la brevedad. \u2705 \u00a1Gracias por contactarnos! Nos comunicaremos a la brevedad.<\/p>","protected":false},"author":7,"featured_media":2284,"parent":0,"menu_order":0,"comment_status":"closed","ping_status":"closed","template":"","meta":{"footnotes":""},"class_list":["post-2864","page","type-page","status-publish","has-post-thumbnail","hentry"],"_links":{"self":[{"href":"https:\/\/hydrogeo.com.pe\/web\/en\/wp-json\/wp\/v2\/pages\/2864","targetHints":{"allow":["GET"]}}],"collection":[{"href":"https:\/\/hydrogeo.com.pe\/web\/en\/wp-json\/wp\/v2\/pages"}],"about":[{"href":"https:\/\/hydrogeo.com.pe\/web\/en\/wp-json\/wp\/v2\/types\/page"}],"author":[{"embeddable":true,"href":"https:\/\/hydrogeo.com.pe\/web\/en\/wp-json\/wp\/v2\/users\/7"}],"replies":[{"embeddable":true,"href":"https:\/\/hydrogeo.com.pe\/web\/en\/wp-json\/wp\/v2\/comments?post=2864"}],"version-history":[{"count":0,"href":"https:\/\/hydrogeo.com.pe\/web\/en\/wp-json\/wp\/v2\/pages\/2864\/revisions"}],"wp:featuredmedia":[{"embeddable":true,"href":"https:\/\/hydrogeo.com.pe\/web\/en\/wp-json\/wp\/v2\/media\/2284"}],"wp:attachment":[{"href":"https:\/\/hydrogeo.com.pe\/web\/en\/wp-json\/wp\/v2\/media?parent=2864"}],"curies":[{"name":"wp","href":"https:\/\/api.w.org\/{rel}","templated":true}]}}